{"id":71,"date":"2018-12-15T21:32:32","date_gmt":"2018-12-15T20:32:32","guid":{"rendered":"http:\/\/virtuelnet.net\/thewarning\/?page_id=71"},"modified":"2025-05-31T14:05:34","modified_gmt":"2025-05-31T12:05:34","slug":"ale","status":"publish","type":"page","link":"http:\/\/virtuelnet.net\/thewarning\/ale\/","title":{"rendered":"Ale"},"content":{"rendered":"\n<figure class=\"wp-block-image size-full\"><img loading=\"lazy\" decoding=\"async\" width=\"1539\" height=\"1922\" src=\"http:\/\/virtuelnet.net\/thewarning\/wp-content\/uploads\/2024\/07\/Ale-07-2024.jpeg\" alt=\"\" class=\"wp-image-2660\" srcset=\"http:\/\/virtuelnet.net\/thewarning\/wp-content\/uploads\/2024\/07\/Ale-07-2024.jpeg 1539w, http:\/\/virtuelnet.net\/thewarning\/wp-content\/uploads\/2024\/07\/Ale-07-2024-240x300.jpeg 240w, http:\/\/virtuelnet.net\/thewarning\/wp-content\/uploads\/2024\/07\/Ale-07-2024-820x1024.jpeg 820w, http:\/\/virtuelnet.net\/thewarning\/wp-content\/uploads\/2024\/07\/Ale-07-2024-768x959.jpeg 768w, http:\/\/virtuelnet.net\/thewarning\/wp-content\/uploads\/2024\/07\/Ale-07-2024-1230x1536.jpeg 1230w\" sizes=\"auto, (max-width: 1539px) 100vw, 1539px\" \/><\/figure>\n\n\n\n<p class=\"has-text-align-justify\"><strong>Alejandra \u00ab Ale \u00bb Villarreal V\u00e9lez<\/strong> est n\u00e9e le 13 D\u00e9cembre 2004. C\u2019est la benjamine des trois s\u0153urs et c\u2019est aussi la bassiste du groupe. Avec Paulina, elle assure les ch\u0153urs. Baign\u00e9e dans la musique gr\u00e2ce \u00e0 ses deux s\u0153urs, et apr\u00e8s des \u00e9tudes musicales au piano, d\u2019abord tent\u00e9e par la harpe, elle s\u2019est tourn\u00e9e vers la basse, dont elle joue avec dext\u00e9rit\u00e9. Ale apporte ce son si particulier \u00e0 la section rythmique du groupe. Elle est le m\u00e9tronome du groupe, par sa rigueur musicale c\u2019est celle sur qui ses s\u0153urs savent compter. Ale ne conna\u00eet que l\u2019excellence, ses somptueuses lignes de basse en attestent.<\/p>\n\n\n\n<p>De nature r\u00e9serv\u00e9e, Ale est surnomm\u00e9e \u00ab&nbsp;The Thunderchild&nbsp;\u00bb (\u00ab&nbsp;l\u2019enfant du tonnerre&nbsp;\u00bb en anglais), o\u00f9 toute son \u00e9nergie et sa pr\u00e9sence sur sc\u00e8ne se lib\u00e8re&nbsp;!<\/p>\n\n\n\n<p>Ale  poss\u00e8de deux basses <strong><a aria-label=\"Spector (s\u2019ouvre dans un nouvel onglet)\" rel=\"noreferrer noopener\" href=\"http:\/\/www.spectorbass.com\/CompleteArtistList\" target=\"_blank\">Spector<\/a><\/strong>, gracieusement donn\u00e9 par un fan, Thomas, qu\u2019elle alterne en concert:  une <strong>Euro4LX<\/strong> et une <strong>Euro4LX Rachel Bolan<\/strong>.<\/p>\n\n\n\n<p><\/p>\n\n\n\n<figure class=\"wp-block-gallery has-nested-images columns-default is-cropped aligncenter wp-block-gallery-1 is-layout-flex wp-block-gallery-is-layout-flex\">\n<figure class=\"wp-block-image size-large\"><img loading=\"lazy\" decoding=\"async\" width=\"800\" height=\"600\" data-id=\"659\" src=\"http:\/\/virtuelnet.net\/thewarning\/wp-content\/uploads\/2019\/03\/Basse_Spector_Euro4LX.jpg\" alt=\"\" class=\"wp-image-659\" srcset=\"http:\/\/virtuelnet.net\/thewarning\/wp-content\/uploads\/2019\/03\/Basse_Spector_Euro4LX.jpg 800w, http:\/\/virtuelnet.net\/thewarning\/wp-content\/uploads\/2019\/03\/Basse_Spector_Euro4LX-300x225.jpg 300w, http:\/\/virtuelnet.net\/thewarning\/wp-content\/uploads\/2019\/03\/Basse_Spector_Euro4LX-768x576.jpg 768w\" sizes=\"auto, (max-width: 800px) 100vw, 800px\" \/><figcaption class=\"wp-element-caption\">Spectorbass Euro4LX<\/figcaption><\/figure>\n\n\n\n<figure class=\"wp-block-image size-large\"><img loading=\"lazy\" decoding=\"async\" width=\"500\" height=\"333\" data-id=\"660\" src=\"http:\/\/virtuelnet.net\/thewarning\/wp-content\/uploads\/2019\/03\/Basse_Spector_Euro4LX_Rachel_Bolan.jpg\" alt=\"\" class=\"wp-image-660\" srcset=\"http:\/\/virtuelnet.net\/thewarning\/wp-content\/uploads\/2019\/03\/Basse_Spector_Euro4LX_Rachel_Bolan.jpg 500w, http:\/\/virtuelnet.net\/thewarning\/wp-content\/uploads\/2019\/03\/Basse_Spector_Euro4LX_Rachel_Bolan-300x200.jpg 300w, http:\/\/virtuelnet.net\/thewarning\/wp-content\/uploads\/2019\/03\/Basse_Spector_Euro4LX_Rachel_Bolan-306x205.jpg 306w\" sizes=\"auto, (max-width: 500px) 100vw, 500px\" \/><figcaption class=\"wp-element-caption\">Spectorbass Euro4LX Rachel Bolan<\/figcaption><\/figure>\n<\/figure>\n\n\n\n<figure class=\"wp-block-image is-resized\"><img loading=\"lazy\" decoding=\"async\" width=\"768\" height=\"960\" src=\"http:\/\/virtuelnet.net\/thewarning\/wp-content\/uploads\/2019\/10\/Ale-2-bass-Spector.jpg\" alt=\"\" class=\"wp-image-826\" style=\"width:1140px;height:auto\" srcset=\"http:\/\/virtuelnet.net\/thewarning\/wp-content\/uploads\/2019\/10\/Ale-2-bass-Spector.jpg 768w, http:\/\/virtuelnet.net\/thewarning\/wp-content\/uploads\/2019\/10\/Ale-2-bass-Spector-240x300.jpg 240w, http:\/\/virtuelnet.net\/thewarning\/wp-content\/uploads\/2019\/10\/Ale-2-bass-Spector-370x463.jpg 370w\" sizes=\"auto, (max-width: 768px) 100vw, 768px\" \/><figcaption class=\"wp-element-caption\">Alejandra et ses deux basses SPECTOR<\/figcaption><\/figure>\n\n\n\n<p>V\u00e9ritable plus jeune ambassadrice de la marque <strong>Spector<\/strong>, une <strong>basse 5 cordes sp\u00e9cialement con\u00e7ue pour elle<\/strong> lui a \u00e9t\u00e9 remise par la marque: <strong>mod\u00e8le NS-5XL signature Ale&nbsp;<\/strong>!<\/p>\n\n\n\n<figure class=\"wp-block-image size-full\"><img loading=\"lazy\" decoding=\"async\" width=\"1500\" height=\"1000\" src=\"http:\/\/virtuelnet.net\/thewarning\/wp-content\/uploads\/2024\/04\/Ale-at-New-York.jpg\" alt=\"\" class=\"wp-image-2406\" srcset=\"http:\/\/virtuelnet.net\/thewarning\/wp-content\/uploads\/2024\/04\/Ale-at-New-York.jpg 1500w, http:\/\/virtuelnet.net\/thewarning\/wp-content\/uploads\/2024\/04\/Ale-at-New-York-300x200.jpg 300w, http:\/\/virtuelnet.net\/thewarning\/wp-content\/uploads\/2024\/04\/Ale-at-New-York-1024x683.jpg 1024w, http:\/\/virtuelnet.net\/thewarning\/wp-content\/uploads\/2024\/04\/Ale-at-New-York-768x512.jpg 768w, http:\/\/virtuelnet.net\/thewarning\/wp-content\/uploads\/2024\/04\/Ale-at-New-York-306x205.jpg 306w\" sizes=\"auto, (max-width: 1500px) 100vw, 1500px\" \/><figcaption class=\"wp-element-caption\">La basse 5 cordes Spector, signature \u00ab\u00a0Ale\u00a0\u00bb<\/figcaption><\/figure>\n\n\n\n<p>Et derni\u00e8rement elle jouait sur une <strong>Spector 5 cordes bleue<\/strong>.<\/p>\n\n\n<div class=\"wp-block-image\">\n<figure class=\"aligncenter size-large\"><img loading=\"lazy\" decoding=\"async\" width=\"820\" height=\"1024\" src=\"http:\/\/virtuelnet.net\/thewarning\/wp-content\/uploads\/2024\/02\/Alejandra-ShipRocked-Cruise-820x1024.jpg\" alt=\"\" class=\"wp-image-2185\" srcset=\"http:\/\/virtuelnet.net\/thewarning\/wp-content\/uploads\/2024\/02\/Alejandra-ShipRocked-Cruise-820x1024.jpg 820w, http:\/\/virtuelnet.net\/thewarning\/wp-content\/uploads\/2024\/02\/Alejandra-ShipRocked-Cruise-240x300.jpg 240w, http:\/\/virtuelnet.net\/thewarning\/wp-content\/uploads\/2024\/02\/Alejandra-ShipRocked-Cruise-768x959.jpg 768w, http:\/\/virtuelnet.net\/thewarning\/wp-content\/uploads\/2024\/02\/Alejandra-ShipRocked-Cruise.jpg 1079w\" sizes=\"auto, (max-width: 820px) 100vw, 820px\" \/><\/figure>\n<\/div>\n\n\n<p>A la maison elle utilise un amplificateur <strong><a aria-label=\"ORANG (s\u2019ouvre dans un nouvel onglet)\" rel=\"noreferrer noopener\" href=\"https:\/\/orangeamps.com\/artist\/dany-alejandra-villarreal-of-the-warning\" target=\"_blank\">ORANG<\/a><\/strong><a aria-label=\"ORANG (s\u2019ouvre dans un nouvel onglet)\" rel=\"noreferrer noopener\" href=\"https:\/\/orangeamps.com\/artist\/dany-alejandra-villarreal-of-the-warning\" target=\"_blank\"><strong>E<\/strong><\/a> et sur sc\u00e8ne elle est amen\u00e9e \u00e0 jouer sur ampli <a aria-label=\"Ampeg (s\u2019ouvre dans un nouvel onglet)\" rel=\"noreferrer noopener\" href=\"https:\/\/ampeg.com\/\" target=\"_blank\"><strong>Ampeg<\/strong><\/a><\/p>\n\n\n<div class=\"wp-block-image\">\n<figure class=\"aligncenter\"><img loading=\"lazy\" decoding=\"async\" width=\"736\" height=\"488\" src=\"http:\/\/virtuelnet.net\/thewarning\/wp-content\/uploads\/2019\/02\/Ampli_ORANGE.jpg\" alt=\"\" class=\"wp-image-245\" srcset=\"http:\/\/virtuelnet.net\/thewarning\/wp-content\/uploads\/2019\/02\/Ampli_ORANGE.jpg 736w, http:\/\/virtuelnet.net\/thewarning\/wp-content\/uploads\/2019\/02\/Ampli_ORANGE-300x199.jpg 300w\" sizes=\"auto, (max-width: 736px) 100vw, 736px\" \/><\/figure>\n<\/div>\n\n<div class=\"wp-block-image\">\n<figure class=\"aligncenter\"><img loading=\"lazy\" decoding=\"async\" width=\"644\" height=\"1024\" src=\"http:\/\/virtuelnet.net\/thewarning\/wp-content\/uploads\/2019\/10\/Ampli-Ampeg-SVT-350H-644x1024.jpg\" alt=\"\" class=\"wp-image-817\" srcset=\"http:\/\/virtuelnet.net\/thewarning\/wp-content\/uploads\/2019\/10\/Ampli-Ampeg-SVT-350H-644x1024.jpg 644w, http:\/\/virtuelnet.net\/thewarning\/wp-content\/uploads\/2019\/10\/Ampli-Ampeg-SVT-350H-189x300.jpg 189w, http:\/\/virtuelnet.net\/thewarning\/wp-content\/uploads\/2019\/10\/Ampli-Ampeg-SVT-350H-768x1221.jpg 768w, http:\/\/virtuelnet.net\/thewarning\/wp-content\/uploads\/2019\/10\/Ampli-Ampeg-SVT-350H-370x588.jpg 370w, http:\/\/virtuelnet.net\/thewarning\/wp-content\/uploads\/2019\/10\/Ampli-Ampeg-SVT-350H.jpg 800w\" sizes=\"auto, (max-width: 644px) 100vw, 644px\" \/><\/figure>\n<\/div>\n\n<div class=\"wp-block-image\">\n<figure class=\"aligncenter size-large\"><img loading=\"lazy\" decoding=\"async\" width=\"1024\" height=\"1024\" src=\"http:\/\/virtuelnet.net\/thewarning\/wp-content\/uploads\/2021\/09\/Alejandra-fanpage-1024x1024.jpg\" alt=\"\" class=\"wp-image-1533\" srcset=\"http:\/\/virtuelnet.net\/thewarning\/wp-content\/uploads\/2021\/09\/Alejandra-fanpage-1024x1024.jpg 1024w, http:\/\/virtuelnet.net\/thewarning\/wp-content\/uploads\/2021\/09\/Alejandra-fanpage-300x300.jpg 300w, http:\/\/virtuelnet.net\/thewarning\/wp-content\/uploads\/2021\/09\/Alejandra-fanpage-150x150.jpg 150w, http:\/\/virtuelnet.net\/thewarning\/wp-content\/uploads\/2021\/09\/Alejandra-fanpage-768x768.jpg 768w, http:\/\/virtuelnet.net\/thewarning\/wp-content\/uploads\/2021\/09\/Alejandra-fanpage.jpg 1080w\" sizes=\"auto, (max-width: 1024px) 100vw, 1024px\" \/><figcaption class=\"wp-element-caption\">Alejandra<\/figcaption><\/figure>\n<\/div>\n\n<div class=\"wp-block-image\">\n<figure class=\"aligncenter size-large\"><img loading=\"lazy\" decoding=\"async\" width=\"1024\" height=\"678\" src=\"http:\/\/virtuelnet.net\/thewarning\/wp-content\/uploads\/2021\/09\/Ale-Blacklist-2-1024x678.jpg\" alt=\"\" class=\"wp-image-1540\" srcset=\"http:\/\/virtuelnet.net\/thewarning\/wp-content\/uploads\/2021\/09\/Ale-Blacklist-2-1024x678.jpg 1024w, http:\/\/virtuelnet.net\/thewarning\/wp-content\/uploads\/2021\/09\/Ale-Blacklist-2-300x199.jpg 300w, http:\/\/virtuelnet.net\/thewarning\/wp-content\/uploads\/2021\/09\/Ale-Blacklist-2-768x508.jpg 768w, http:\/\/virtuelnet.net\/thewarning\/wp-content\/uploads\/2021\/09\/Ale-Blacklist-2-1536x1016.jpg 1536w, http:\/\/virtuelnet.net\/thewarning\/wp-content\/uploads\/2021\/09\/Ale-Blacklist-2.jpg 1623w\" sizes=\"auto, (max-width: 1024px) 100vw, 1024px\" \/><figcaption class=\"wp-element-caption\">Alejandra (image extrait de la vid\u00e9o Blacklist)<\/figcaption><\/figure>\n<\/div>\n\n<div class=\"wp-block-image\">\n<figure class=\"aligncenter size-full\"><img loading=\"lazy\" decoding=\"async\" width=\"960\" height=\"720\" src=\"http:\/\/virtuelnet.net\/thewarning\/wp-content\/uploads\/2021\/12\/Ale-bass-Spector.jpg\" alt=\"\" class=\"wp-image-1630\" srcset=\"http:\/\/virtuelnet.net\/thewarning\/wp-content\/uploads\/2021\/12\/Ale-bass-Spector.jpg 960w, http:\/\/virtuelnet.net\/thewarning\/wp-content\/uploads\/2021\/12\/Ale-bass-Spector-300x225.jpg 300w, http:\/\/virtuelnet.net\/thewarning\/wp-content\/uploads\/2021\/12\/Ale-bass-Spector-768x576.jpg 768w\" sizes=\"auto, (max-width: 960px) 100vw, 960px\" \/><figcaption class=\"wp-element-caption\">Rockville Festival<\/figcaption><\/figure>\n<\/div>\n\n<div class=\"wp-block-image\">\n<figure class=\"aligncenter size-large\"><img loading=\"lazy\" decoding=\"async\" width=\"687\" height=\"1024\" src=\"http:\/\/virtuelnet.net\/thewarning\/wp-content\/uploads\/2022\/04\/Alejandra-at-home-687x1024.jpg\" alt=\"\" class=\"wp-image-1708\" srcset=\"http:\/\/virtuelnet.net\/thewarning\/wp-content\/uploads\/2022\/04\/Alejandra-at-home-687x1024.jpg 687w, http:\/\/virtuelnet.net\/thewarning\/wp-content\/uploads\/2022\/04\/Alejandra-at-home-201x300.jpg 201w, http:\/\/virtuelnet.net\/thewarning\/wp-content\/uploads\/2022\/04\/Alejandra-at-home-768x1146.jpg 768w, http:\/\/virtuelnet.net\/thewarning\/wp-content\/uploads\/2022\/04\/Alejandra-at-home-1030x1536.jpg 1030w, http:\/\/virtuelnet.net\/thewarning\/wp-content\/uploads\/2022\/04\/Alejandra-at-home.jpg 1373w\" sizes=\"auto, (max-width: 687px) 100vw, 687px\" \/><figcaption class=\"wp-element-caption\">Ale &#8211; at home (Monterrey)<\/figcaption><\/figure>\n<\/div>\n\n<div class=\"wp-block-image\">\n<figure class=\"aligncenter size-large\"><img loading=\"lazy\" decoding=\"async\" width=\"768\" height=\"1024\" src=\"http:\/\/virtuelnet.net\/thewarning\/wp-content\/uploads\/2022\/07\/Alejandra-MaydayTour-768x1024.jpg\" alt=\"\" class=\"wp-image-1784\" srcset=\"http:\/\/virtuelnet.net\/thewarning\/wp-content\/uploads\/2022\/07\/Alejandra-MaydayTour-768x1024.jpg 768w, http:\/\/virtuelnet.net\/thewarning\/wp-content\/uploads\/2022\/07\/Alejandra-MaydayTour-225x300.jpg 225w, http:\/\/virtuelnet.net\/thewarning\/wp-content\/uploads\/2022\/07\/Alejandra-MaydayTour-1152x1536.jpg 1152w, http:\/\/virtuelnet.net\/thewarning\/wp-content\/uploads\/2022\/07\/Alejandra-MaydayTour.jpg 1536w\" sizes=\"auto, (max-width: 768px) 100vw, 768px\" \/><figcaption class=\"wp-element-caption\">Alejandra &#8211; Mayday Tour<\/figcaption><\/figure>\n<\/div>\n\n<div class=\"wp-block-image\">\n<figure class=\"aligncenter size-full\"><img loading=\"lazy\" decoding=\"async\" width=\"720\" height=\"960\" src=\"https:\/\/virtuelnet.net\/thewarning\/wp-content\/uploads\/2022\/08\/Ale-souriante-et-magnifique.jpg\" alt=\"\" class=\"wp-image-1796\" srcset=\"http:\/\/virtuelnet.net\/thewarning\/wp-content\/uploads\/2022\/08\/Ale-souriante-et-magnifique.jpg 720w, http:\/\/virtuelnet.net\/thewarning\/wp-content\/uploads\/2022\/08\/Ale-souriante-et-magnifique-225x300.jpg 225w\" sizes=\"auto, (max-width: 720px) 100vw, 720px\" \/><figcaption class=\"wp-element-caption\">Ale rayonnante<\/figcaption><\/figure>\n<\/div>\n\n<div class=\"wp-block-image\">\n<figure class=\"aligncenter size-full\"><img loading=\"lazy\" decoding=\"async\" width=\"720\" height=\"900\" src=\"http:\/\/virtuelnet.net\/thewarning\/wp-content\/uploads\/2023\/10\/Ale-souriante-2023.jpg\" alt=\"\" class=\"wp-image-2092\" srcset=\"http:\/\/virtuelnet.net\/thewarning\/wp-content\/uploads\/2023\/10\/Ale-souriante-2023.jpg 720w, http:\/\/virtuelnet.net\/thewarning\/wp-content\/uploads\/2023\/10\/Ale-souriante-2023-240x300.jpg 240w\" sizes=\"auto, (max-width: 720px) 100vw, 720px\" \/><figcaption class=\"wp-element-caption\">Ale &#8211; Mayday Tour<\/figcaption><\/figure>\n<\/div>\n\n<div class=\"wp-block-image\">\n<figure class=\"aligncenter size-large\"><img loading=\"lazy\" decoding=\"async\" width=\"1024\" height=\"683\" src=\"https:\/\/virtuelnet.net\/thewarning\/wp-content\/uploads\/2023\/02\/Ale-USA-2023-1024x683.jpeg\" alt=\"\" class=\"wp-image-1960\" srcset=\"http:\/\/virtuelnet.net\/thewarning\/wp-content\/uploads\/2023\/02\/Ale-USA-2023-1024x683.jpeg 1024w, http:\/\/virtuelnet.net\/thewarning\/wp-content\/uploads\/2023\/02\/Ale-USA-2023-300x200.jpeg 300w, http:\/\/virtuelnet.net\/thewarning\/wp-content\/uploads\/2023\/02\/Ale-USA-2023-768x512.jpeg 768w, http:\/\/virtuelnet.net\/thewarning\/wp-content\/uploads\/2023\/02\/Ale-USA-2023-1536x1024.jpeg 1536w, http:\/\/virtuelnet.net\/thewarning\/wp-content\/uploads\/2023\/02\/Ale-USA-2023-306x205.jpeg 306w, http:\/\/virtuelnet.net\/thewarning\/wp-content\/uploads\/2023\/02\/Ale-USA-2023.jpeg 1800w\" sizes=\"auto, (max-width: 1024px) 100vw, 1024px\" \/><figcaption class=\"wp-element-caption\">Ale (USA en 2023)<\/figcaption><\/figure>\n<\/div>\n\n<div class=\"wp-block-image\">\n<figure class=\"aligncenter size-large\"><img loading=\"lazy\" decoding=\"async\" width=\"819\" height=\"1024\" src=\"http:\/\/virtuelnet.net\/thewarning\/wp-content\/uploads\/2022\/10\/Alejandra-1-819x1024.jpg\" alt=\"\" class=\"wp-image-1801\" srcset=\"http:\/\/virtuelnet.net\/thewarning\/wp-content\/uploads\/2022\/10\/Alejandra-1-819x1024.jpg 819w, http:\/\/virtuelnet.net\/thewarning\/wp-content\/uploads\/2022\/10\/Alejandra-1-240x300.jpg 240w, http:\/\/virtuelnet.net\/thewarning\/wp-content\/uploads\/2022\/10\/Alejandra-1-768x960.jpg 768w, http:\/\/virtuelnet.net\/thewarning\/wp-content\/uploads\/2022\/10\/Alejandra-1.jpg 1080w\" sizes=\"auto, (max-width: 819px) 100vw, 819px\" \/><figcaption class=\"wp-element-caption\">Sourire \u00e9clatant <\/figcaption><\/figure>\n<\/div>\n\n<div class=\"wp-block-image\">\n<figure class=\"aligncenter size-large\"><img loading=\"lazy\" decoding=\"async\" width=\"1024\" height=\"682\" src=\"http:\/\/virtuelnet.net\/thewarning\/wp-content\/uploads\/2023\/10\/The-Warning-ouverture-MUSE-Monterrey-18-01-2023-Ale-1024x682.jpg\" alt=\"\" class=\"wp-image-2095\" srcset=\"http:\/\/virtuelnet.net\/thewarning\/wp-content\/uploads\/2023\/10\/The-Warning-ouverture-MUSE-Monterrey-18-01-2023-Ale-1024x682.jpg 1024w, http:\/\/virtuelnet.net\/thewarning\/wp-content\/uploads\/2023\/10\/The-Warning-ouverture-MUSE-Monterrey-18-01-2023-Ale-300x200.jpg 300w, http:\/\/virtuelnet.net\/thewarning\/wp-content\/uploads\/2023\/10\/The-Warning-ouverture-MUSE-Monterrey-18-01-2023-Ale-768x512.jpg 768w, http:\/\/virtuelnet.net\/thewarning\/wp-content\/uploads\/2023\/10\/The-Warning-ouverture-MUSE-Monterrey-18-01-2023-Ale-1536x1023.jpg 1536w, http:\/\/virtuelnet.net\/thewarning\/wp-content\/uploads\/2023\/10\/The-Warning-ouverture-MUSE-Monterrey-18-01-2023-Ale-306x205.jpg 306w, http:\/\/virtuelnet.net\/thewarning\/wp-content\/uploads\/2023\/10\/The-Warning-ouverture-MUSE-Monterrey-18-01-2023-Ale.jpg 2048w\" sizes=\"auto, (max-width: 1024px) 100vw, 1024px\" \/><figcaption class=\"wp-element-caption\">Ale<\/figcaption><\/figure>\n<\/div>\n\n<div class=\"wp-block-image\">\n<figure class=\"aligncenter size-large is-resized\"><img loading=\"lazy\" decoding=\"async\" width=\"840\" height=\"1024\" src=\"http:\/\/virtuelnet.net\/thewarning\/wp-content\/uploads\/2023\/12\/Ale-Day-03-11-2023-840x1024.jpg\" alt=\"\" class=\"wp-image-2102\" style=\"width:843px;height:auto\" srcset=\"http:\/\/virtuelnet.net\/thewarning\/wp-content\/uploads\/2023\/12\/Ale-Day-03-11-2023-840x1024.jpg 840w, http:\/\/virtuelnet.net\/thewarning\/wp-content\/uploads\/2023\/12\/Ale-Day-03-11-2023-246x300.jpg 246w, http:\/\/virtuelnet.net\/thewarning\/wp-content\/uploads\/2023\/12\/Ale-Day-03-11-2023-768x936.jpg 768w, http:\/\/virtuelnet.net\/thewarning\/wp-content\/uploads\/2023\/12\/Ale-Day-03-11-2023.jpg 864w\" sizes=\"auto, (max-width: 840px) 100vw, 840px\" \/><figcaption class=\"wp-element-caption\">Ale en 2023<\/figcaption><\/figure>\n<\/div>\n\n<div class=\"wp-block-image\">\n<figure class=\"aligncenter size-large\"><img loading=\"lazy\" decoding=\"async\" width=\"602\" height=\"1024\" src=\"http:\/\/virtuelnet.net\/thewarning\/wp-content\/uploads\/2024\/05\/Ale-photo-NB-602x1024.jpg\" alt=\"\" class=\"wp-image-2526\" srcset=\"http:\/\/virtuelnet.net\/thewarning\/wp-content\/uploads\/2024\/05\/Ale-photo-NB-602x1024.jpg 602w, http:\/\/virtuelnet.net\/thewarning\/wp-content\/uploads\/2024\/05\/Ale-photo-NB-176x300.jpg 176w, http:\/\/virtuelnet.net\/thewarning\/wp-content\/uploads\/2024\/05\/Ale-photo-NB.jpg 712w\" sizes=\"auto, (max-width: 602px) 100vw, 602px\" \/><figcaption class=\"wp-element-caption\">Portrait en N&amp;B<\/figcaption><\/figure>\n<\/div>","protected":false},"excerpt":{"rendered":"<p>Alejandra \u00ab Ale \u00bb Villarreal V\u00e9lez est n\u00e9e le 13 D\u00e9cembre 2004. C\u2019est la benjamine des trois s\u0153urs et c\u2019est aussi la bassiste du groupe. Avec Paulina, elle assure les ch\u0153urs. Baign\u00e9e dans la musique gr\u00e2ce \u00e0 ses deux s\u0153urs,&hellip; <\/p>\n","protected":false},"author":1,"featured_media":0,"parent":0,"menu_order":0,"comment_status":"closed","ping_status":"closed","template":"","meta":{"footnotes":""},"class_list":["post-71","page","type-page","status-publish","hentry"],"_links":{"self":[{"href":"http:\/\/virtuelnet.net\/thewarning\/wp-json\/wp\/v2\/pages\/71","targetHints":{"allow":["GET"]}}],"collection":[{"href":"http:\/\/virtuelnet.net\/thewarning\/wp-json\/wp\/v2\/pages"}],"about":[{"href":"http:\/\/virtuelnet.net\/thewarning\/wp-json\/wp\/v2\/types\/page"}],"author":[{"embeddable":true,"href":"http:\/\/virtuelnet.net\/thewarning\/wp-json\/wp\/v2\/users\/1"}],"replies":[{"embeddable":true,"href":"http:\/\/virtuelnet.net\/thewarning\/wp-json\/wp\/v2\/comments?post=71"}],"version-history":[{"count":85,"href":"http:\/\/virtuelnet.net\/thewarning\/wp-json\/wp\/v2\/pages\/71\/revisions"}],"predecessor-version":[{"id":2848,"href":"http:\/\/virtuelnet.net\/thewarning\/wp-json\/wp\/v2\/pages\/71\/revisions\/2848"}],"wp:attachment":[{"href":"http:\/\/virtuelnet.net\/thewarning\/wp-json\/wp\/v2\/media?parent=71"}],"curies":[{"name":"wp","href":"https:\/\/api.w.org\/{rel}","templated":true}]}}