{"id":70,"date":"2018-12-15T21:32:31","date_gmt":"2018-12-15T20:32:31","guid":{"rendered":"http:\/\/virtuelnet.net\/thewarning\/?page_id=70"},"modified":"2025-04-27T14:16:00","modified_gmt":"2025-04-27T12:16:00","slug":"pau","status":"publish","type":"page","link":"http:\/\/virtuelnet.net\/thewarning\/pau\/","title":{"rendered":"Pau"},"content":{"rendered":"<div class=\"wp-block-image\">\n<figure class=\"aligncenter size-full\"><img loading=\"lazy\" decoding=\"async\" width=\"720\" height=\"841\" src=\"http:\/\/virtuelnet.net\/thewarning\/wp-content\/uploads\/2024\/05\/Pau-2024.jpg\" alt=\"\" class=\"wp-image-2532\" srcset=\"http:\/\/virtuelnet.net\/thewarning\/wp-content\/uploads\/2024\/05\/Pau-2024.jpg 720w, http:\/\/virtuelnet.net\/thewarning\/wp-content\/uploads\/2024\/05\/Pau-2024-257x300.jpg 257w\" sizes=\"auto, (max-width: 720px) 100vw, 720px\" \/><\/figure>\n<\/div>\n\n\n<p class=\"has-text-align-justify\"><strong>Paulina \u00ab Pau \u00bb Villarreal V\u00e9lez<\/strong> est n\u00e9e le 5 F\u00e9vrier 2002. C\u2019est la cadette. Paulina est&nbsp; la batteuse du groupe. Avec Alejandra, elle assure les c\u0153urs sur la plupart des morceaux, mais est aussi chanteuse principale sur certaine chanson. Comme Daniela, au d\u00e9but Paulina a commenc\u00e9 par jouer et \u00e9tudier le piano, dont elle joue parfois. Par la suite elle a choisi la batterie, dont elle joue avec une \u00e9nergie, une force et une puissance remarquable pour son \u00e2ge. Pau est surnomm\u00e9e \u00ab&nbsp;The Shredder&nbsp;\u00bb (\u00ab&nbsp;la d\u00e9chiqueteuse&nbsp;\u00bb, en anglais) parce qu\u2019elle casse beaucoup de baguettes, preuve de sa force de jeu&nbsp;!<\/p>\n\n\n\n<p>Artiste confirm\u00e9e, Pau est souvent celle qui compose en premier les morceaux du groupe. Ensuite elle \u00e9change avec ses s\u0153urs et le morceau prend forme&nbsp;: c\u2019est toute la force cr\u00e9atrice des trois, la fusion des trois s\u0153urs qui s\u2019accomplit.<\/p>\n\n\n\n<p class=\"has-text-align-justify\">Auparavant, Pau jouait sur batterie <strong>YAMAHA<\/strong>. Depuis fin 2014, elle utilise une batterie <strong>DW Drum&nbsp;,<\/strong> c&rsquo;est ce qu&rsquo;elle pr\u00e9f\u00e8re pour jouer. Avant pour la plupart des concerts l&rsquo;\u00e9quipe loue un kit de batterie parce que c&rsquo;est moins cher que de transporter le kit entier. Depuis elle utilise que le kit de batterie <strong><a href=\"https:\/\/equipboard.com\/pros\/paulina-villarreal\" target=\"_blank\" rel=\"noreferrer noopener\">DW Drums<\/a><\/strong> et comme cymbales, des <strong><a href=\"https:\/\/sabian.com\/artist\/paulina-villarreal\/\" target=\"_blank\" rel=\"noreferrer noopener\">SABIAN<\/a><\/strong>.<\/p>\n\n\n<div class=\"wp-block-image\">\n<figure class=\"aligncenter size-large\"><img loading=\"lazy\" decoding=\"async\" width=\"1024\" height=\"684\" src=\"http:\/\/virtuelnet.net\/thewarning\/wp-content\/uploads\/2024\/02\/Pau-batterie-DW-Drums-1024x684.jpg\" alt=\"\" class=\"wp-image-2165\" srcset=\"http:\/\/virtuelnet.net\/thewarning\/wp-content\/uploads\/2024\/02\/Pau-batterie-DW-Drums-1024x684.jpg 1024w, http:\/\/virtuelnet.net\/thewarning\/wp-content\/uploads\/2024\/02\/Pau-batterie-DW-Drums-300x200.jpg 300w, http:\/\/virtuelnet.net\/thewarning\/wp-content\/uploads\/2024\/02\/Pau-batterie-DW-Drums-768x513.jpg 768w, http:\/\/virtuelnet.net\/thewarning\/wp-content\/uploads\/2024\/02\/Pau-batterie-DW-Drums-306x205.jpg 306w, http:\/\/virtuelnet.net\/thewarning\/wp-content\/uploads\/2024\/02\/Pau-batterie-DW-Drums.jpg 1080w\" sizes=\"auto, (max-width: 1024px) 100vw, 1024px\" \/><figcaption class=\"wp-element-caption\">Pau sur son kit de batterie DW-Drums<\/figcaption><\/figure>\n<\/div>\n\n<div class=\"wp-block-image\">\n<figure class=\"aligncenter size-large\"><img loading=\"lazy\" decoding=\"async\" width=\"1024\" height=\"753\" src=\"http:\/\/virtuelnet.net\/thewarning\/wp-content\/uploads\/2023\/12\/Pau-et-sa-batterie-DW-Drums-au-Rockville-Festival-le-19-mai-2023-1024x753.jpg\" alt=\"\" class=\"wp-image-2111\" srcset=\"http:\/\/virtuelnet.net\/thewarning\/wp-content\/uploads\/2023\/12\/Pau-et-sa-batterie-DW-Drums-au-Rockville-Festival-le-19-mai-2023-1024x753.jpg 1024w, http:\/\/virtuelnet.net\/thewarning\/wp-content\/uploads\/2023\/12\/Pau-et-sa-batterie-DW-Drums-au-Rockville-Festival-le-19-mai-2023-300x221.jpg 300w, http:\/\/virtuelnet.net\/thewarning\/wp-content\/uploads\/2023\/12\/Pau-et-sa-batterie-DW-Drums-au-Rockville-Festival-le-19-mai-2023-768x565.jpg 768w, http:\/\/virtuelnet.net\/thewarning\/wp-content\/uploads\/2023\/12\/Pau-et-sa-batterie-DW-Drums-au-Rockville-Festival-le-19-mai-2023.jpg 1300w\" sizes=\"auto, (max-width: 1024px) 100vw, 1024px\" \/><figcaption class=\"wp-element-caption\">Pau et sa batterie DW-Drums au Rockville Festival le 19 mai 2023<\/figcaption><\/figure>\n<\/div>\n\n<div class=\"wp-block-image\">\n<figure class=\"aligncenter\"><img loading=\"lazy\" decoding=\"async\" width=\"634\" height=\"634\" src=\"http:\/\/virtuelnet.net\/thewarning\/wp-content\/uploads\/2019\/02\/paulina-villarreal-3_storyboard.jpg\" alt=\"\" class=\"wp-image-265\" srcset=\"http:\/\/virtuelnet.net\/thewarning\/wp-content\/uploads\/2019\/02\/paulina-villarreal-3_storyboard.jpg 634w, http:\/\/virtuelnet.net\/thewarning\/wp-content\/uploads\/2019\/02\/paulina-villarreal-3_storyboard-150x150.jpg 150w, http:\/\/virtuelnet.net\/thewarning\/wp-content\/uploads\/2019\/02\/paulina-villarreal-3_storyboard-300x300.jpg 300w\" sizes=\"auto, (max-width: 634px) 100vw, 634px\" \/><\/figure>\n<\/div>\n\n<div class=\"wp-block-image\">\n<figure class=\"aligncenter\"><img loading=\"lazy\" decoding=\"async\" width=\"1024\" height=\"727\" src=\"http:\/\/virtuelnet.net\/thewarning\/wp-content\/uploads\/2019\/02\/Batterie_Paulina-1024x727.jpg\" alt=\"\" class=\"wp-image-267\" srcset=\"http:\/\/virtuelnet.net\/thewarning\/wp-content\/uploads\/2019\/02\/Batterie_Paulina-1024x727.jpg 1024w, http:\/\/virtuelnet.net\/thewarning\/wp-content\/uploads\/2019\/02\/Batterie_Paulina-300x213.jpg 300w, http:\/\/virtuelnet.net\/thewarning\/wp-content\/uploads\/2019\/02\/Batterie_Paulina-768x545.jpg 768w, http:\/\/virtuelnet.net\/thewarning\/wp-content\/uploads\/2019\/02\/Batterie_Paulina.jpg 1179w\" sizes=\"auto, (max-width: 1024px) 100vw, 1024px\" \/><\/figure>\n<\/div>\n\n\n<p><\/p>\n\n\n<div class=\"wp-block-image\">\n<figure class=\"aligncenter\"><img loading=\"lazy\" decoding=\"async\" width=\"1024\" height=\"684\" src=\"http:\/\/virtuelnet.net\/thewarning\/wp-content\/uploads\/2019\/02\/Paulina-1024x684.jpg\" alt=\"\" class=\"wp-image-555\" srcset=\"http:\/\/virtuelnet.net\/thewarning\/wp-content\/uploads\/2019\/02\/Paulina-1024x684.jpg 1024w, http:\/\/virtuelnet.net\/thewarning\/wp-content\/uploads\/2019\/02\/Paulina-300x200.jpg 300w, http:\/\/virtuelnet.net\/thewarning\/wp-content\/uploads\/2019\/02\/Paulina-768x513.jpg 768w, http:\/\/virtuelnet.net\/thewarning\/wp-content\/uploads\/2019\/02\/Paulina-306x205.jpg 306w, http:\/\/virtuelnet.net\/thewarning\/wp-content\/uploads\/2019\/02\/Paulina.jpg 1440w\" sizes=\"auto, (max-width: 1024px) 100vw, 1024px\" \/><\/figure>\n<\/div>\n\n\n<p>\n 2018 Hit Like A Girl Awards Show \u2013 Faith &amp; Pau :    \n\n<\/p>\n\n\n\n<figure class=\"wp-block-embed is-type-video is-provider-youtube wp-block-embed-youtube wp-embed-aspect-16-9 wp-has-aspect-ratio\"><div class=\"wp-block-embed__wrapper\">\n<iframe loading=\"lazy\" title=\"Faith Benson and Paulina Villarreal Drum Duo\" width=\"642\" height=\"361\" src=\"https:\/\/www.youtube.com\/embed\/qN9oPaBR0vw?start=7&#038;feature=oembed\" frameborder=\"0\" allow=\"accelerometer; autoplay; clipboard-write; encrypted-media; gyroscope; picture-in-picture; web-share\" referrerpolicy=\"strict-origin-when-cross-origin\" allowfullscreen><\/iframe>\n<\/div><figcaption class=\"wp-element-caption\">   2018 Hit Like A Girl Awards Show \u2013 Faith &amp; Pau <\/figcaption><\/figure>\n\n\n\n<p><br><\/p>\n\n\n<div class=\"wp-block-image\">\n<figure class=\"aligncenter size-large\"><img loading=\"lazy\" decoding=\"async\" width=\"841\" height=\"841\" src=\"http:\/\/virtuelnet.net\/thewarning\/wp-content\/uploads\/2021\/05\/Pau-Choke.jpg\" alt=\"\" class=\"wp-image-1388\" srcset=\"http:\/\/virtuelnet.net\/thewarning\/wp-content\/uploads\/2021\/05\/Pau-Choke.jpg 841w, http:\/\/virtuelnet.net\/thewarning\/wp-content\/uploads\/2021\/05\/Pau-Choke-300x300.jpg 300w, http:\/\/virtuelnet.net\/thewarning\/wp-content\/uploads\/2021\/05\/Pau-Choke-150x150.jpg 150w, http:\/\/virtuelnet.net\/thewarning\/wp-content\/uploads\/2021\/05\/Pau-Choke-768x768.jpg 768w\" sizes=\"auto, (max-width: 841px) 100vw, 841px\" \/><figcaption class=\"wp-element-caption\">Pau (depuis la vid\u00e9o Choke)<\/figcaption><\/figure>\n<\/div>\n\n\n<figure class=\"wp-block-image size-large\"><img loading=\"lazy\" decoding=\"async\" width=\"1024\" height=\"677\" src=\"http:\/\/virtuelnet.net\/thewarning\/wp-content\/uploads\/2021\/09\/Pau-Blacklist-1-1024x677.jpg\" alt=\"\" class=\"wp-image-1535\" srcset=\"http:\/\/virtuelnet.net\/thewarning\/wp-content\/uploads\/2021\/09\/Pau-Blacklist-1-1024x677.jpg 1024w, http:\/\/virtuelnet.net\/thewarning\/wp-content\/uploads\/2021\/09\/Pau-Blacklist-1-300x198.jpg 300w, http:\/\/virtuelnet.net\/thewarning\/wp-content\/uploads\/2021\/09\/Pau-Blacklist-1-768x508.jpg 768w, http:\/\/virtuelnet.net\/thewarning\/wp-content\/uploads\/2021\/09\/Pau-Blacklist-1.jpg 1080w\" sizes=\"auto, (max-width: 1024px) 100vw, 1024px\" \/><figcaption class=\"wp-element-caption\">Paulina (image extrait de la vid\u00e9o Blacklist)<\/figcaption><\/figure>\n\n\n<div class=\"wp-block-image\">\n<figure class=\"aligncenter size-full\"><img loading=\"lazy\" decoding=\"async\" width=\"720\" height=\"900\" src=\"http:\/\/virtuelnet.net\/thewarning\/wp-content\/uploads\/2022\/02\/Pau1.jpg\" alt=\"\" class=\"wp-image-1663\" srcset=\"http:\/\/virtuelnet.net\/thewarning\/wp-content\/uploads\/2022\/02\/Pau1.jpg 720w, http:\/\/virtuelnet.net\/thewarning\/wp-content\/uploads\/2022\/02\/Pau1-240x300.jpg 240w\" sizes=\"auto, (max-width: 720px) 100vw, 720px\" \/><figcaption class=\"wp-element-caption\">Nouveau look<\/figcaption><\/figure>\n<\/div>\n\n<div class=\"wp-block-image\">\n<figure class=\"aligncenter size-large\"><img loading=\"lazy\" decoding=\"async\" width=\"819\" height=\"1024\" src=\"http:\/\/virtuelnet.net\/thewarning\/wp-content\/uploads\/2022\/04\/Pau-at-home-819x1024.jpg\" alt=\"\" class=\"wp-image-1712\" srcset=\"http:\/\/virtuelnet.net\/thewarning\/wp-content\/uploads\/2022\/04\/Pau-at-home-819x1024.jpg 819w, http:\/\/virtuelnet.net\/thewarning\/wp-content\/uploads\/2022\/04\/Pau-at-home-240x300.jpg 240w, http:\/\/virtuelnet.net\/thewarning\/wp-content\/uploads\/2022\/04\/Pau-at-home-768x960.jpg 768w, http:\/\/virtuelnet.net\/thewarning\/wp-content\/uploads\/2022\/04\/Pau-at-home.jpg 1080w\" sizes=\"auto, (max-width: 819px) 100vw, 819px\" \/><figcaption class=\"wp-element-caption\">Pau &#8211; at home (Monterrey)<\/figcaption><\/figure>\n<\/div>\n\n<div class=\"wp-block-image\">\n<figure class=\"aligncenter size-large\"><img loading=\"lazy\" decoding=\"async\" width=\"819\" height=\"1024\" src=\"http:\/\/virtuelnet.net\/thewarning\/wp-content\/uploads\/2022\/04\/Pau-derriere-sa-batterie-819x1024.jpg\" alt=\"\" class=\"wp-image-1703\" srcset=\"http:\/\/virtuelnet.net\/thewarning\/wp-content\/uploads\/2022\/04\/Pau-derriere-sa-batterie-819x1024.jpg 819w, http:\/\/virtuelnet.net\/thewarning\/wp-content\/uploads\/2022\/04\/Pau-derriere-sa-batterie-240x300.jpg 240w, http:\/\/virtuelnet.net\/thewarning\/wp-content\/uploads\/2022\/04\/Pau-derriere-sa-batterie-768x960.jpg 768w, http:\/\/virtuelnet.net\/thewarning\/wp-content\/uploads\/2022\/04\/Pau-derriere-sa-batterie.jpg 1080w\" sizes=\"auto, (max-width: 819px) 100vw, 819px\" \/><figcaption class=\"wp-element-caption\">Pau &#8211; USA (Mayday Tour)<\/figcaption><\/figure>\n<\/div>\n\n<div class=\"wp-block-image\">\n<figure class=\"aligncenter size-large\"><img loading=\"lazy\" decoding=\"async\" width=\"1024\" height=\"683\" src=\"http:\/\/virtuelnet.net\/thewarning\/wp-content\/uploads\/2022\/11\/Pau-Canada-2022-1024x683.jpg\" alt=\"\" class=\"wp-image-1814\" srcset=\"http:\/\/virtuelnet.net\/thewarning\/wp-content\/uploads\/2022\/11\/Pau-Canada-2022-1024x683.jpg 1024w, http:\/\/virtuelnet.net\/thewarning\/wp-content\/uploads\/2022\/11\/Pau-Canada-2022-300x200.jpg 300w, http:\/\/virtuelnet.net\/thewarning\/wp-content\/uploads\/2022\/11\/Pau-Canada-2022-768x512.jpg 768w, http:\/\/virtuelnet.net\/thewarning\/wp-content\/uploads\/2022\/11\/Pau-Canada-2022-306x205.jpg 306w, http:\/\/virtuelnet.net\/thewarning\/wp-content\/uploads\/2022\/11\/Pau-Canada-2022.jpg 1440w\" sizes=\"auto, (max-width: 1024px) 100vw, 1024px\" \/><figcaption class=\"wp-element-caption\">Canada 2022<\/figcaption><\/figure>\n<\/div>","protected":false},"excerpt":{"rendered":"<p>Paulina \u00ab Pau \u00bb Villarreal V\u00e9lez est n\u00e9e le 5 F\u00e9vrier 2002. C\u2019est la cadette. Paulina est&nbsp; la batteuse du groupe. Avec Alejandra, elle assure les c\u0153urs sur la plupart des morceaux, mais est aussi chanteuse principale sur certaine chanson.&hellip; <\/p>\n","protected":false},"author":1,"featured_media":0,"parent":0,"menu_order":0,"comment_status":"closed","ping_status":"closed","template":"","meta":{"footnotes":""},"class_list":["post-70","page","type-page","status-publish","hentry"],"_links":{"self":[{"href":"http:\/\/virtuelnet.net\/thewarning\/wp-json\/wp\/v2\/pages\/70","targetHints":{"allow":["GET"]}}],"collection":[{"href":"http:\/\/virtuelnet.net\/thewarning\/wp-json\/wp\/v2\/pages"}],"about":[{"href":"http:\/\/virtuelnet.net\/thewarning\/wp-json\/wp\/v2\/types\/page"}],"author":[{"embeddable":true,"href":"http:\/\/virtuelnet.net\/thewarning\/wp-json\/wp\/v2\/users\/1"}],"replies":[{"embeddable":true,"href":"http:\/\/virtuelnet.net\/thewarning\/wp-json\/wp\/v2\/comments?post=70"}],"version-history":[{"count":51,"href":"http:\/\/virtuelnet.net\/thewarning\/wp-json\/wp\/v2\/pages\/70\/revisions"}],"predecessor-version":[{"id":2830,"href":"http:\/\/virtuelnet.net\/thewarning\/wp-json\/wp\/v2\/pages\/70\/revisions\/2830"}],"wp:attachment":[{"href":"http:\/\/virtuelnet.net\/thewarning\/wp-json\/wp\/v2\/media?parent=70"}],"curies":[{"name":"wp","href":"https:\/\/api.w.org\/{rel}","templated":true}]}}