{"id":68,"date":"2018-12-15T21:32:31","date_gmt":"2018-12-15T20:32:31","guid":{"rendered":"http:\/\/virtuelnet.net\/thewarning\/?page_id=68"},"modified":"2024-05-25T13:21:33","modified_gmt":"2024-05-25T11:21:33","slug":"dany","status":"publish","type":"page","link":"http:\/\/virtuelnet.net\/thewarning\/dany\/","title":{"rendered":"Dany"},"content":{"rendered":"<div class=\"wp-block-image\">\n<figure class=\"aligncenter size-full\"><img loading=\"lazy\" decoding=\"async\" width=\"797\" height=\"996\" src=\"http:\/\/virtuelnet.net\/thewarning\/wp-content\/uploads\/2024\/05\/Dany-atout-sourire.jpeg\" alt=\"\" class=\"wp-image-2530\" srcset=\"http:\/\/virtuelnet.net\/thewarning\/wp-content\/uploads\/2024\/05\/Dany-atout-sourire.jpeg 797w, http:\/\/virtuelnet.net\/thewarning\/wp-content\/uploads\/2024\/05\/Dany-atout-sourire-240x300.jpeg 240w, http:\/\/virtuelnet.net\/thewarning\/wp-content\/uploads\/2024\/05\/Dany-atout-sourire-768x960.jpeg 768w\" sizes=\"auto, (max-width: 797px) 100vw, 797px\" \/><\/figure>\n<\/div>\n\n\n<p class=\"has-text-align-justify\"><strong>Daniela \u00ab&nbsp;Dany&nbsp;\u00bb Villarreal V\u00e9lez<\/strong> est n\u00e9e le 30 Janvier 2000. C\u2019est l\u2019ain\u00e9e des trois s\u0153urs. C\u2019est aussi la guitariste et chanteuse principale du groupe. Daniela a commenc\u00e9 la musique en \u00e9tudiant et jouant du piano. Plus jeune, elle a aussi jou\u00e9 du saxophone. Initi\u00e9e tr\u00e8s t\u00f4t au rock\u2019n\u2019roll par ses parents, elle a tr\u00e8s vite succomb\u00e9 \u00e0 cette musique et a choisi la guitare comme instrument. Dany est une guitar hero hors pair&nbsp;: ses riffs de guitares, sa pr\u00e9sence sur sc\u00e8ne en atteste. Mais, avec sa voix chaude et profonde, c\u2019est aussi une grande chanteuse. En concert, Dany est une vraie front-women, sachant animer et communier \u00e0 la perfection avec son public mais aussi capable de faire preuve d\u2019une immense bienveillance \u00e0 l\u2019\u00e9gard de ses deux s\u0153urs.<\/p>\n\n\n\n<p>Dany a jou\u00e9 sur guitare Gibson Lee Paul. Actuellement elle joue sur guitare<a aria-label=\"guitare RICK TONE Spearfish (s\u2019ouvre dans un nouvel onglet)\" rel=\"noreferrer noopener\" href=\"https:\/\/www.ricktoone.com\/#\/spearfish\/\" target=\"_blank\"> <\/a><strong><a aria-label=\"guitare RICK TONE Spearfish (s\u2019ouvre dans un nouvel onglet)\" rel=\"noreferrer noopener\" href=\"https:\/\/www.ricktoone.com\/#\/spearfish\/\" target=\"_blank\">RICK TONE Spearfish<\/a><\/strong> :<\/p>\n\n\n<div class=\"wp-block-image\">\n<figure class=\"aligncenter\"><img loading=\"lazy\" decoding=\"async\" width=\"1000\" height=\"485\" src=\"http:\/\/virtuelnet.net\/thewarning\/wp-content\/uploads\/2019\/02\/spearfish-guitar.jpg\" alt=\"\" class=\"wp-image-239\" srcset=\"http:\/\/virtuelnet.net\/thewarning\/wp-content\/uploads\/2019\/02\/spearfish-guitar.jpg 1000w, http:\/\/virtuelnet.net\/thewarning\/wp-content\/uploads\/2019\/02\/spearfish-guitar-300x146.jpg 300w, http:\/\/virtuelnet.net\/thewarning\/wp-content\/uploads\/2019\/02\/spearfish-guitar-768x372.jpg 768w\" sizes=\"auto, (max-width: 1000px) 100vw, 1000px\" \/><\/figure>\n<\/div>\n\n\n<p>et <strong>guitare<\/strong> <strong><a href=\"https:\/\/www.mansonguitarworks.com\/blog\/post\/daniela-villarreal\" data-type=\"URL\" data-id=\"https:\/\/www.mansonguitarworks.com\/blog\/post\/daniela-villarreal\" target=\"_blank\" rel=\"noreferrer noopener\">MANSON M4-25<\/a><\/strong> :<\/p>\n\n\n<div class=\"wp-block-image\">\n<figure class=\"aligncenter\"><img loading=\"lazy\" decoding=\"async\" width=\"999\" height=\"774\" src=\"http:\/\/virtuelnet.net\/thewarning\/wp-content\/uploads\/2019\/02\/Manson_guitar_MA-25.jpg\" alt=\"\" class=\"wp-image-571\" srcset=\"http:\/\/virtuelnet.net\/thewarning\/wp-content\/uploads\/2019\/02\/Manson_guitar_MA-25.jpg 999w, http:\/\/virtuelnet.net\/thewarning\/wp-content\/uploads\/2019\/02\/Manson_guitar_MA-25-300x232.jpg 300w, http:\/\/virtuelnet.net\/thewarning\/wp-content\/uploads\/2019\/02\/Manson_guitar_MA-25-768x595.jpg 768w\" sizes=\"auto, (max-width: 999px) 100vw, 999px\" \/><\/figure>\n<\/div>\n\n\n<p>Elle a acquis une <strong>guitare de marque PRS<\/strong> (Paul Reed Smith) <\/p>\n\n\n<div class=\"wp-block-image\">\n<figure class=\"aligncenter size-large\"><img loading=\"lazy\" decoding=\"async\" width=\"720\" height=\"873\" src=\"http:\/\/virtuelnet.net\/thewarning\/wp-content\/uploads\/2021\/04\/guitare-PRS-de-Dany.jpg\" alt=\"\" class=\"wp-image-1294\" srcset=\"http:\/\/virtuelnet.net\/thewarning\/wp-content\/uploads\/2021\/04\/guitare-PRS-de-Dany.jpg 720w, http:\/\/virtuelnet.net\/thewarning\/wp-content\/uploads\/2021\/04\/guitare-PRS-de-Dany-247x300.jpg 247w\" sizes=\"auto, (max-width: 720px) 100vw, 720px\" \/><figcaption class=\"wp-element-caption\">Dany et sa guitare PRS (Paul Reed Smith)<\/figcaption><\/figure>\n<\/div>\n\n\n<p>et une <strong>Gibson Explorer<\/strong> donn\u00e9 par <strong>Lzzy Hale de Halestorm<\/strong>.<\/p>\n\n\n<div class=\"wp-block-image\">\n<figure class=\"aligncenter size-large\"><img loading=\"lazy\" decoding=\"async\" width=\"1024\" height=\"1002\" src=\"http:\/\/virtuelnet.net\/thewarning\/wp-content\/uploads\/2022\/11\/Dany-Gibson-Explorer-2-1024x1002.jpg\" alt=\"\" class=\"wp-image-1809\" srcset=\"http:\/\/virtuelnet.net\/thewarning\/wp-content\/uploads\/2022\/11\/Dany-Gibson-Explorer-2-1024x1002.jpg 1024w, http:\/\/virtuelnet.net\/thewarning\/wp-content\/uploads\/2022\/11\/Dany-Gibson-Explorer-2-300x294.jpg 300w, http:\/\/virtuelnet.net\/thewarning\/wp-content\/uploads\/2022\/11\/Dany-Gibson-Explorer-2-768x752.jpg 768w, http:\/\/virtuelnet.net\/thewarning\/wp-content\/uploads\/2022\/11\/Dany-Gibson-Explorer-2-1536x1503.jpg 1536w, http:\/\/virtuelnet.net\/thewarning\/wp-content\/uploads\/2022\/11\/Dany-Gibson-Explorer-2.jpg 2048w\" sizes=\"auto, (max-width: 1024px) 100vw, 1024px\" \/><figcaption class=\"wp-element-caption\">Dany et sa Gibson Explorer donn\u00e9 par Lzzy Hale<\/figcaption><\/figure>\n<\/div>\n\n\n<p>Et <strong>Matthew Bellamy<\/strong>, guitariste-chanteur de <strong>MUSE<\/strong> lui a offert une nouvelle guitare <strong>Manson jaune<\/strong>.<\/p>\n\n\n<div class=\"wp-block-image\">\n<figure class=\"aligncenter size-full\"><img loading=\"lazy\" decoding=\"async\" width=\"386\" height=\"580\" src=\"http:\/\/virtuelnet.net\/thewarning\/wp-content\/uploads\/2024\/04\/Dany-and-her-Manson-yellow-guitare.jpg\" alt=\"\" class=\"wp-image-2398\" srcset=\"http:\/\/virtuelnet.net\/thewarning\/wp-content\/uploads\/2024\/04\/Dany-and-her-Manson-yellow-guitare.jpg 386w, http:\/\/virtuelnet.net\/thewarning\/wp-content\/uploads\/2024\/04\/Dany-and-her-Manson-yellow-guitare-200x300.jpg 200w\" sizes=\"auto, (max-width: 386px) 100vw, 386px\" \/><figcaption class=\"wp-element-caption\">Dany a re\u00e7u une guitare unique de la part de Matt Bellamy<\/figcaption><\/figure>\n<\/div>\n\n\n<p>Enfin derni\u00e8rement elle joue avec une <strong>Fender Baritone<\/strong>, comme sur \u00ab&nbsp;Automatic Sun&nbsp;\u00bb.<\/p>\n\n\n\n<p>Pour l&rsquo;amplification et le son, elle joue sur <strong><a aria-label=\"amplificateur ORANGE (s\u2019ouvre dans un nouvel onglet)\" href=\"https:\/\/orangeamps.com\/artist\/dany-alejandra-villarreal-of-the-warning\" target=\"_blank\" rel=\"noreferrer noopener\">amplificateur ORANGE<\/a><\/strong> :<\/p>\n\n\n<div class=\"wp-block-image\">\n<figure class=\"aligncenter\"><img loading=\"lazy\" decoding=\"async\" width=\"736\" height=\"488\" src=\"http:\/\/virtuelnet.net\/thewarning\/wp-content\/uploads\/2019\/02\/Ampli_ORANGE.jpg\" alt=\"\" class=\"wp-image-245\" srcset=\"http:\/\/virtuelnet.net\/thewarning\/wp-content\/uploads\/2019\/02\/Ampli_ORANGE.jpg 736w, http:\/\/virtuelnet.net\/thewarning\/wp-content\/uploads\/2019\/02\/Ampli_ORANGE-300x199.jpg 300w\" sizes=\"auto, (max-width: 736px) 100vw, 736px\" \/><figcaption class=\"wp-element-caption\"> <br><\/figcaption><\/figure>\n<\/div>\n\n<div class=\"wp-block-image\">\n<figure class=\"aligncenter size-large\"><img loading=\"lazy\" decoding=\"async\" width=\"820\" height=\"1024\" src=\"https:\/\/virtuelnet.net\/thewarning\/wp-content\/uploads\/2022\/12\/Dany-2022-820x1024.jpg\" alt=\"\" class=\"wp-image-1825\" srcset=\"http:\/\/virtuelnet.net\/thewarning\/wp-content\/uploads\/2022\/12\/Dany-2022-820x1024.jpg 820w, http:\/\/virtuelnet.net\/thewarning\/wp-content\/uploads\/2022\/12\/Dany-2022-240x300.jpg 240w, http:\/\/virtuelnet.net\/thewarning\/wp-content\/uploads\/2022\/12\/Dany-2022-768x959.jpg 768w, http:\/\/virtuelnet.net\/thewarning\/wp-content\/uploads\/2022\/12\/Dany-2022-1230x1536.jpg 1230w, http:\/\/virtuelnet.net\/thewarning\/wp-content\/uploads\/2022\/12\/Dany-2022.jpg 1640w\" sizes=\"auto, (max-width: 820px) 100vw, 820px\" \/><figcaption class=\"wp-element-caption\">Rock&rsquo;n&rsquo;Roll Queen<\/figcaption><\/figure>\n<\/div>\n\n<div class=\"wp-block-image\">\n<figure class=\"aligncenter\"><img loading=\"lazy\" decoding=\"async\" width=\"1024\" height=\"683\" src=\"http:\/\/virtuelnet.net\/thewarning\/wp-content\/uploads\/2019\/07\/Dany_showcase_gamamusic-1024x683.jpg\" alt=\"\" class=\"wp-image-782\" srcset=\"http:\/\/virtuelnet.net\/thewarning\/wp-content\/uploads\/2019\/07\/Dany_showcase_gamamusic-1024x683.jpg 1024w, http:\/\/virtuelnet.net\/thewarning\/wp-content\/uploads\/2019\/07\/Dany_showcase_gamamusic-300x200.jpg 300w, http:\/\/virtuelnet.net\/thewarning\/wp-content\/uploads\/2019\/07\/Dany_showcase_gamamusic-768x512.jpg 768w, http:\/\/virtuelnet.net\/thewarning\/wp-content\/uploads\/2019\/07\/Dany_showcase_gamamusic-370x247.jpg 370w, http:\/\/virtuelnet.net\/thewarning\/wp-content\/uploads\/2019\/07\/Dany_showcase_gamamusic-1040x693.jpg 1040w, http:\/\/virtuelnet.net\/thewarning\/wp-content\/uploads\/2019\/07\/Dany_showcase_gamamusic.jpg 2048w\" sizes=\"auto, (max-width: 1024px) 100vw, 1024px\" \/><figcaption class=\"wp-element-caption\">Showcase au Gama Music<\/figcaption><\/figure>\n<\/div>\n\n<div class=\"wp-block-image\">\n<figure class=\"aligncenter\"><img loading=\"lazy\" decoding=\"async\" width=\"960\" height=\"960\" src=\"http:\/\/virtuelnet.net\/thewarning\/wp-content\/uploads\/2019\/02\/Daniela.jpg\" alt=\"\" class=\"wp-image-558\" srcset=\"http:\/\/virtuelnet.net\/thewarning\/wp-content\/uploads\/2019\/02\/Daniela.jpg 960w, http:\/\/virtuelnet.net\/thewarning\/wp-content\/uploads\/2019\/02\/Daniela-150x150.jpg 150w, http:\/\/virtuelnet.net\/thewarning\/wp-content\/uploads\/2019\/02\/Daniela-300x300.jpg 300w, http:\/\/virtuelnet.net\/thewarning\/wp-content\/uploads\/2019\/02\/Daniela-768x768.jpg 768w\" sizes=\"auto, (max-width: 960px) 100vw, 960px\" \/><\/figure>\n<\/div>\n\n\n<p><\/p>\n\n\n<div class=\"wp-block-image\">\n<figure class=\"aligncenter size-large\"><img loading=\"lazy\" decoding=\"async\" width=\"922\" height=\"765\" src=\"http:\/\/virtuelnet.net\/thewarning\/wp-content\/uploads\/2021\/05\/Dany-Choke.jpg\" alt=\"\" class=\"wp-image-1384\" srcset=\"http:\/\/virtuelnet.net\/thewarning\/wp-content\/uploads\/2021\/05\/Dany-Choke.jpg 922w, http:\/\/virtuelnet.net\/thewarning\/wp-content\/uploads\/2021\/05\/Dany-Choke-300x249.jpg 300w, http:\/\/virtuelnet.net\/thewarning\/wp-content\/uploads\/2021\/05\/Dany-Choke-768x637.jpg 768w\" sizes=\"auto, (max-width: 922px) 100vw, 922px\" \/><figcaption class=\"wp-element-caption\">Dany (depuis la vid\u00e9o Choke)<\/figcaption><\/figure>\n<\/div>\n\n<div class=\"wp-block-image\">\n<figure class=\"aligncenter size-large\"><img loading=\"lazy\" decoding=\"async\" width=\"1024\" height=\"473\" src=\"http:\/\/virtuelnet.net\/thewarning\/wp-content\/uploads\/2021\/09\/Dany-Blacklist-2-1024x473.jpg\" alt=\"\" class=\"wp-image-1544\" srcset=\"http:\/\/virtuelnet.net\/thewarning\/wp-content\/uploads\/2021\/09\/Dany-Blacklist-2-1024x473.jpg 1024w, http:\/\/virtuelnet.net\/thewarning\/wp-content\/uploads\/2021\/09\/Dany-Blacklist-2-300x139.jpg 300w, http:\/\/virtuelnet.net\/thewarning\/wp-content\/uploads\/2021\/09\/Dany-Blacklist-2-768x355.jpg 768w, http:\/\/virtuelnet.net\/thewarning\/wp-content\/uploads\/2021\/09\/Dany-Blacklist-2-1536x710.jpg 1536w, http:\/\/virtuelnet.net\/thewarning\/wp-content\/uploads\/2021\/09\/Dany-Blacklist-2.jpg 1792w\" sizes=\"auto, (max-width: 1024px) 100vw, 1024px\" \/><figcaption class=\"wp-element-caption\"> Daniela (image extrait de la vid\u00e9o Blacklist) <\/figcaption><\/figure>\n<\/div>\n\n<div class=\"wp-block-image\">\n<figure class=\"aligncenter size-full\"><img loading=\"lazy\" decoding=\"async\" width=\"720\" height=\"715\" src=\"http:\/\/virtuelnet.net\/thewarning\/wp-content\/uploads\/2021\/12\/Dany-Rockville.jpg\" alt=\"\" class=\"wp-image-1603\" srcset=\"http:\/\/virtuelnet.net\/thewarning\/wp-content\/uploads\/2021\/12\/Dany-Rockville.jpg 720w, http:\/\/virtuelnet.net\/thewarning\/wp-content\/uploads\/2021\/12\/Dany-Rockville-300x298.jpg 300w, http:\/\/virtuelnet.net\/thewarning\/wp-content\/uploads\/2021\/12\/Dany-Rockville-150x150.jpg 150w\" sizes=\"auto, (max-width: 720px) 100vw, 720px\" \/><figcaption class=\"wp-element-caption\">Dany &#8211; Rockville<\/figcaption><\/figure>\n<\/div>\n\n<div class=\"wp-block-image\">\n<figure class=\"aligncenter size-large\"><img loading=\"lazy\" decoding=\"async\" width=\"833\" height=\"1024\" src=\"http:\/\/virtuelnet.net\/thewarning\/wp-content\/uploads\/2022\/04\/Dany-CDMX-Mexico-Foo-Fighters-833x1024.jpg\" alt=\"\" class=\"wp-image-1705\" srcset=\"http:\/\/virtuelnet.net\/thewarning\/wp-content\/uploads\/2022\/04\/Dany-CDMX-Mexico-Foo-Fighters-833x1024.jpg 833w, http:\/\/virtuelnet.net\/thewarning\/wp-content\/uploads\/2022\/04\/Dany-CDMX-Mexico-Foo-Fighters-244x300.jpg 244w, http:\/\/virtuelnet.net\/thewarning\/wp-content\/uploads\/2022\/04\/Dany-CDMX-Mexico-Foo-Fighters-768x944.jpg 768w, http:\/\/virtuelnet.net\/thewarning\/wp-content\/uploads\/2022\/04\/Dany-CDMX-Mexico-Foo-Fighters.jpg 1170w\" sizes=\"auto, (max-width: 833px) 100vw, 833px\" \/><figcaption class=\"wp-element-caption\">Dany &#8211; ouverture des Foo Fighters \u00e0 Mexico<\/figcaption><\/figure>\n<\/div>\n\n<div class=\"wp-block-image\">\n<figure class=\"aligncenter size-full\"><img loading=\"lazy\" decoding=\"async\" width=\"660\" height=\"824\" src=\"http:\/\/virtuelnet.net\/thewarning\/wp-content\/uploads\/2022\/05\/Dany-Minneapolis.png\" alt=\"\" class=\"wp-image-1732\" srcset=\"http:\/\/virtuelnet.net\/thewarning\/wp-content\/uploads\/2022\/05\/Dany-Minneapolis.png 660w, http:\/\/virtuelnet.net\/thewarning\/wp-content\/uploads\/2022\/05\/Dany-Minneapolis-240x300.png 240w\" sizes=\"auto, (max-width: 660px) 100vw, 660px\" \/><figcaption class=\"wp-element-caption\">Dany &#8211; Minneapolis<\/figcaption><\/figure>\n<\/div>","protected":false},"excerpt":{"rendered":"<p>Daniela \u00ab&nbsp;Dany&nbsp;\u00bb Villarreal V\u00e9lez est n\u00e9e le 30 Janvier 2000. C\u2019est l\u2019ain\u00e9e des trois s\u0153urs. C\u2019est aussi la guitariste et chanteuse principale du groupe. Daniela a commenc\u00e9 la musique en \u00e9tudiant et jouant du piano. Plus jeune, elle a aussi&hellip; <\/p>\n","protected":false},"author":1,"featured_media":0,"parent":0,"menu_order":0,"comment_status":"closed","ping_status":"closed","template":"","meta":{"footnotes":""},"class_list":["post-68","page","type-page","status-publish","hentry"],"_links":{"self":[{"href":"http:\/\/virtuelnet.net\/thewarning\/wp-json\/wp\/v2\/pages\/68","targetHints":{"allow":["GET"]}}],"collection":[{"href":"http:\/\/virtuelnet.net\/thewarning\/wp-json\/wp\/v2\/pages"}],"about":[{"href":"http:\/\/virtuelnet.net\/thewarning\/wp-json\/wp\/v2\/types\/page"}],"author":[{"embeddable":true,"href":"http:\/\/virtuelnet.net\/thewarning\/wp-json\/wp\/v2\/users\/1"}],"replies":[{"embeddable":true,"href":"http:\/\/virtuelnet.net\/thewarning\/wp-json\/wp\/v2\/comments?post=68"}],"version-history":[{"count":67,"href":"http:\/\/virtuelnet.net\/thewarning\/wp-json\/wp\/v2\/pages\/68\/revisions"}],"predecessor-version":[{"id":2825,"href":"http:\/\/virtuelnet.net\/thewarning\/wp-json\/wp\/v2\/pages\/68\/revisions\/2825"}],"wp:attachment":[{"href":"http:\/\/virtuelnet.net\/thewarning\/wp-json\/wp\/v2\/media?parent=68"}],"curies":[{"name":"wp","href":"https:\/\/api.w.org\/{rel}","templated":true}]}}