{"id":2,"date":"2018-12-15T11:43:46","date_gmt":"2018-12-15T10:43:46","guid":{"rendered":"http:\/\/virtuelnet.net\/thewarning\/?page_id=2"},"modified":"2024-07-07T13:57:41","modified_gmt":"2024-07-07T11:57:41","slug":"page-d-exemple","status":"publish","type":"page","link":"http:\/\/virtuelnet.net\/thewarning\/","title":{"rendered":"Pr\u00e9sentation"},"content":{"rendered":"\n<p class=\"has-text-align-justify\">Originaire de Monterrey (Mexique), <strong><a aria-label=\" (s\u2019ouvre dans un nouvel onglet)\" href=\"https:\/\/www.thewarningband.com\/\" target=\"_blank\" rel=\"noreferrer noopener\">THE WARNING<\/a><\/strong><a aria-label=\" (s\u2019ouvre dans un nouvel onglet)\" href=\"https:\/\/www.thewarningband.com\/\" target=\"_blank\" rel=\"noreferrer noopener\"> <\/a>est un groupe de rock metal constitu\u00e9 de trois s\u0153urs, <strong>Daniela<\/strong> (guitare, chant), <strong>Paulina<\/strong> (batterie, chant, piano), et <strong>Alejandra<\/strong> Villarreal (basse, piano, ch\u0153urs). Passionn\u00e9es et dot\u00e9es d\u2019un r\u00e9el talent musical, elles se sont fait conna\u00eetre par une reprise en 2014 de \u00ab <em>Enter Sandman <\/em>\u00bb de Metallica, reprise ayant g\u00e9n\u00e9r\u00e9 plus de&nbsp;25 000 000 de vues sur <a aria-label=\" (s\u2019ouvre dans un nouvel onglet)\" href=\"https:\/\/www.youtube.com\/watch?v=1boUYB9LFJY\" target=\"_blank\" rel=\"noreferrer noopener\"><strong>YouTube<\/strong><\/a>. L\u2019aventure musicale <strong>THE WARNING <\/strong>commence.<\/p>\n\n\n\n<p class=\"has-text-align-justify\"><strong>THE WARNING<\/strong> est sans nul doute une r\u00e9v\u00e9lation dans le rock\u2019n\u2019roll&nbsp;: trois s\u0153urs, <strong>Daniela (Dany)<\/strong>, <strong>Paulina (Pau)<\/strong> et <strong>Alejandra (Ale)<\/strong>, totalement soud\u00e9es par la musique, trois musiciennes avec un immense talent&nbsp;!<\/p>\n\n\n\n<p class=\"has-text-align-justify has-normal-font-size\"><strong>Vous voil\u00e0 pr\u00e9venus, \u00eates-vous pr\u00eats&nbsp;?<\/strong><\/p>\n\n\n\n<figure class=\"wp-block-image size-large\"><img loading=\"lazy\" decoding=\"async\" width=\"960\" height=\"960\" src=\"http:\/\/virtuelnet.net\/thewarning\/wp-content\/uploads\/2020\/08\/3-soeurs-aimantes.jpg\" alt=\"\" class=\"wp-image-1214\" srcset=\"http:\/\/virtuelnet.net\/thewarning\/wp-content\/uploads\/2020\/08\/3-soeurs-aimantes.jpg 960w, http:\/\/virtuelnet.net\/thewarning\/wp-content\/uploads\/2020\/08\/3-soeurs-aimantes-300x300.jpg 300w, http:\/\/virtuelnet.net\/thewarning\/wp-content\/uploads\/2020\/08\/3-soeurs-aimantes-150x150.jpg 150w, http:\/\/virtuelnet.net\/thewarning\/wp-content\/uploads\/2020\/08\/3-soeurs-aimantes-768x768.jpg 768w\" sizes=\"auto, (max-width: 960px) 100vw, 960px\" \/><figcaption class=\"wp-element-caption\"> Avant le concert \u00e0 San Luis Potos\u00ed (Mexique)&nbsp;le 19 Juillet 2019<\/figcaption><\/figure>\n\n\n\n<p><strong>THE WARNING<\/strong> c\u2019est des fans dans plus de 100 pays diff\u00e9rents !<\/p>\n\n\n\n<p><\/p>\n\n\n\n<iframe loading=\"lazy\" src=\"https:\/\/www.google.com\/maps\/d\/embed?mid=19eA3mRSRYMTCmL38dCJJXeMyF4U2JkSQ\" width=\"640\" height=\"480\"><\/iframe>\n\n\n<div class=\"wp-block-image\">\n<figure class=\"aligncenter\"><img loading=\"lazy\" decoding=\"async\" width=\"1024\" height=\"683\" src=\"http:\/\/virtuelnet.net\/thewarning\/wp-content\/uploads\/2019\/07\/The-Warning-Showcase-Gama-Music-1024x683.jpg\" alt=\"\" class=\"wp-image-778\" srcset=\"http:\/\/virtuelnet.net\/thewarning\/wp-content\/uploads\/2019\/07\/The-Warning-Showcase-Gama-Music-1024x683.jpg 1024w, http:\/\/virtuelnet.net\/thewarning\/wp-content\/uploads\/2019\/07\/The-Warning-Showcase-Gama-Music-300x200.jpg 300w, http:\/\/virtuelnet.net\/thewarning\/wp-content\/uploads\/2019\/07\/The-Warning-Showcase-Gama-Music-768x512.jpg 768w, http:\/\/virtuelnet.net\/thewarning\/wp-content\/uploads\/2019\/07\/The-Warning-Showcase-Gama-Music-370x247.jpg 370w, http:\/\/virtuelnet.net\/thewarning\/wp-content\/uploads\/2019\/07\/The-Warning-Showcase-Gama-Music-1040x693.jpg 1040w, http:\/\/virtuelnet.net\/thewarning\/wp-content\/uploads\/2019\/07\/The-Warning-Showcase-Gama-Music.jpg 2048w\" sizes=\"auto, (max-width: 1024px) 100vw, 1024px\" \/><figcaption class=\"wp-element-caption\">Showcase au Gama Music<\/figcaption><\/figure>\n<\/div>\n\n<div class=\"wp-block-image\">\n<figure class=\"aligncenter size-full\"><img loading=\"lazy\" decoding=\"async\" width=\"1024\" height=\"682\" src=\"http:\/\/virtuelnet.net\/thewarning\/wp-content\/uploads\/2021\/10\/Disciple-00.jpg\" alt=\"\" class=\"wp-image-1567\" srcset=\"http:\/\/virtuelnet.net\/thewarning\/wp-content\/uploads\/2021\/10\/Disciple-00.jpg 1024w, http:\/\/virtuelnet.net\/thewarning\/wp-content\/uploads\/2021\/10\/Disciple-00-300x200.jpg 300w, http:\/\/virtuelnet.net\/thewarning\/wp-content\/uploads\/2021\/10\/Disciple-00-768x512.jpg 768w, http:\/\/virtuelnet.net\/thewarning\/wp-content\/uploads\/2021\/10\/Disciple-00-306x205.jpg 306w\" sizes=\"auto, (max-width: 1024px) 100vw, 1024px\" \/><figcaption class=\"wp-element-caption\">Extrait de la vid\u00e9o \u00ab\u00a0Disciple\u00a0\u00bb<\/figcaption><\/figure>\n<\/div>\n\n<div class=\"wp-block-image\">\n<figure class=\"aligncenter size-large\"><img loading=\"lazy\" decoding=\"async\" width=\"1024\" height=\"887\" src=\"http:\/\/virtuelnet.net\/thewarning\/wp-content\/uploads\/2021\/12\/The-Warning-sourires-1024x887.jpg\" alt=\"\" class=\"wp-image-1633\" srcset=\"http:\/\/virtuelnet.net\/thewarning\/wp-content\/uploads\/2021\/12\/The-Warning-sourires-1024x887.jpg 1024w, http:\/\/virtuelnet.net\/thewarning\/wp-content\/uploads\/2021\/12\/The-Warning-sourires-300x260.jpg 300w, http:\/\/virtuelnet.net\/thewarning\/wp-content\/uploads\/2021\/12\/The-Warning-sourires-768x666.jpg 768w, http:\/\/virtuelnet.net\/thewarning\/wp-content\/uploads\/2021\/12\/The-Warning-sourires.jpg 1080w\" sizes=\"auto, (max-width: 1024px) 100vw, 1024px\" \/><figcaption class=\"wp-element-caption\">Trois adorables soeurs<\/figcaption><\/figure>\n<\/div>\n\n<div class=\"wp-block-image\">\n<figure class=\"aligncenter size-large\"><img loading=\"lazy\" decoding=\"async\" width=\"1024\" height=\"683\" src=\"http:\/\/virtuelnet.net\/thewarning\/wp-content\/uploads\/2023\/04\/The-Warning-Pepsi-Center-1024x683.jpg\" alt=\"\" class=\"wp-image-1979\" title=\"\" srcset=\"http:\/\/virtuelnet.net\/thewarning\/wp-content\/uploads\/2023\/04\/The-Warning-Pepsi-Center-1024x683.jpg 1024w, http:\/\/virtuelnet.net\/thewarning\/wp-content\/uploads\/2023\/04\/The-Warning-Pepsi-Center-300x200.jpg 300w, http:\/\/virtuelnet.net\/thewarning\/wp-content\/uploads\/2023\/04\/The-Warning-Pepsi-Center-768x512.jpg 768w, http:\/\/virtuelnet.net\/thewarning\/wp-content\/uploads\/2023\/04\/The-Warning-Pepsi-Center-1536x1024.jpg 1536w, http:\/\/virtuelnet.net\/thewarning\/wp-content\/uploads\/2023\/04\/The-Warning-Pepsi-Center-306x205.jpg 306w, http:\/\/virtuelnet.net\/thewarning\/wp-content\/uploads\/2023\/04\/The-Warning-Pepsi-Center.jpg 1920w\" sizes=\"auto, (max-width: 1024px) 100vw, 1024px\" \/><figcaption class=\"wp-element-caption\">The Warning &#8211; Pepsi Center<\/figcaption><\/figure>\n<\/div>\n\n\n<p><\/p>\n\n\n\n<figure class=\"wp-block-image size-large\"><img loading=\"lazy\" decoding=\"async\" width=\"1024\" height=\"683\" src=\"http:\/\/virtuelnet.net\/thewarning\/wp-content\/uploads\/2024\/07\/The-Warning-MTV-NB-1024x683.jpg\" alt=\"\" class=\"wp-image-2598\" srcset=\"http:\/\/virtuelnet.net\/thewarning\/wp-content\/uploads\/2024\/07\/The-Warning-MTV-NB-1024x683.jpg 1024w, http:\/\/virtuelnet.net\/thewarning\/wp-content\/uploads\/2024\/07\/The-Warning-MTV-NB-300x200.jpg 300w, http:\/\/virtuelnet.net\/thewarning\/wp-content\/uploads\/2024\/07\/The-Warning-MTV-NB-768x512.jpg 768w, http:\/\/virtuelnet.net\/thewarning\/wp-content\/uploads\/2024\/07\/The-Warning-MTV-NB-306x205.jpg 306w, http:\/\/virtuelnet.net\/thewarning\/wp-content\/uploads\/2024\/07\/The-Warning-MTV-NB.jpg 1200w\" sizes=\"auto, (max-width: 1024px) 100vw, 1024px\" \/><\/figure>\n","protected":false},"excerpt":{"rendered":"<p>Originaire de Monterrey (Mexique), THE WARNING est un groupe de rock metal constitu\u00e9 de trois s\u0153urs, Daniela (guitare, chant), Paulina (batterie, chant, piano), et Alejandra Villarreal (basse, piano, ch\u0153urs). Passionn\u00e9es et dot\u00e9es d\u2019un r\u00e9el talent musical, elles se sont fait&hellip; <\/p>\n","protected":false},"author":1,"featured_media":0,"parent":0,"menu_order":0,"comment_status":"closed","ping_status":"open","template":"","meta":{"footnotes":""},"class_list":["post-2","page","type-page","status-publish","hentry"],"_links":{"self":[{"href":"http:\/\/virtuelnet.net\/thewarning\/wp-json\/wp\/v2\/pages\/2","targetHints":{"allow":["GET"]}}],"collection":[{"href":"http:\/\/virtuelnet.net\/thewarning\/wp-json\/wp\/v2\/pages"}],"about":[{"href":"http:\/\/virtuelnet.net\/thewarning\/wp-json\/wp\/v2\/types\/page"}],"author":[{"embeddable":true,"href":"http:\/\/virtuelnet.net\/thewarning\/wp-json\/wp\/v2\/users\/1"}],"replies":[{"embeddable":true,"href":"http:\/\/virtuelnet.net\/thewarning\/wp-json\/wp\/v2\/comments?post=2"}],"version-history":[{"count":142,"href":"http:\/\/virtuelnet.net\/thewarning\/wp-json\/wp\/v2\/pages\/2\/revisions"}],"predecessor-version":[{"id":2599,"href":"http:\/\/virtuelnet.net\/thewarning\/wp-json\/wp\/v2\/pages\/2\/revisions\/2599"}],"wp:attachment":[{"href":"http:\/\/virtuelnet.net\/thewarning\/wp-json\/wp\/v2\/media?parent=2"}],"curies":[{"name":"wp","href":"https:\/\/api.w.org\/{rel}","templated":true}]}}